{"id":6766,"date":"2023-04-10T03:19:32","date_gmt":"2023-04-10T03:19:32","guid":{"rendered":"http:\/\/sunjin.vn\/ly-do-gia-nhap\/"},"modified":"2023-07-31T03:58:15","modified_gmt":"2023-07-31T03:58:15","slug":"ly-do-gia-nhap","status":"publish","type":"page","link":"http:\/\/sunjin.vn\/en\/ly-do-gia-nhap\/","title":{"rendered":"Why should you join Sunjin"},"content":{"rendered":"","protected":false},"excerpt":{"rendered":"","protected":false},"author":1,"featured_media":5243,"parent":0,"menu_order":0,"comment_status":"closed","ping_status":"closed","template":"page-template\/recruit-about-template.php","meta":{"inline_featured_image":false,"footnotes":""},"class_list":["post-6766","page","type-page","status-publish","has-post-thumbnail","hentry"],"acf":[],"yoast_head":"<!-- This site is optimized with the Yoast SEO plugin v20.6 - https:\/\/yoast.com\/wordpress\/plugins\/seo\/ -->\n<title>Why should you join Sunjin - Sunjinvn<\/title>\n<meta name=\"robots\" content=\"index, follow, max-snippet:-1, max-image-preview:large, max-video-preview:-1\" \/>\n<link rel=\"canonical\" href=\"https:\/\/sunjin.vn\/en\/ly-do-gia-nhap\/\" \/>\n<meta property=\"og:locale\" content=\"en_US\" \/>\n<meta property=\"og:type\" content=\"article\" \/>\n<meta property=\"og:title\" content=\"Why should you join Sunjin - Sunjinvn\" \/>\n<meta property=\"og:url\" content=\"https:\/\/sunjin.vn\/en\/ly-do-gia-nhap\/\" \/>\n<meta property=\"og:site_name\" content=\"Sunjinvn\" \/>\n<meta property=\"article:publisher\" content=\"https:\/\/www.facebook.com\/vn.sunjinofficial\" \/>\n<meta property=\"article:modified_time\" content=\"2023-07-31T03:58:15+00:00\" \/>\n<meta property=\"og:image\" content=\"https:\/\/sunjin.vn\/wp-content\/uploads\/2023\/04\/Rectangle-473.png\" \/>\n\t<meta property=\"og:image:width\" content=\"588\" \/>\n\t<meta property=\"og:image:height\" content=\"330\" \/>\n\t<meta property=\"og:image:type\" content=\"image\/png\" \/>\n<meta name=\"twitter:card\" content=\"summary_large_image\" \/>\n<script type=\"application\/ld+json\" class=\"yoast-schema-graph\">{\"@context\":\"https:\/\/schema.org\",\"@graph\":[{\"@type\":\"WebPage\",\"@id\":\"https:\/\/sunjin.vn\/en\/ly-do-gia-nhap\/\",\"url\":\"https:\/\/sunjin.vn\/en\/ly-do-gia-nhap\/\",\"name\":\"Why should you join Sunjin - Sunjinvn\",\"isPartOf\":{\"@id\":\"http:\/\/sunjin.vn\/#website\"},\"datePublished\":\"2023-04-10T03:19:32+00:00\",\"dateModified\":\"2023-07-31T03:58:15+00:00\",\"breadcrumb\":{\"@id\":\"https:\/\/sunjin.vn\/en\/ly-do-gia-nhap\/#breadcrumb\"},\"inLanguage\":\"en-US\",\"potentialAction\":[{\"@type\":\"ReadAction\",\"target\":[\"https:\/\/sunjin.vn\/en\/ly-do-gia-nhap\/\"]}]},{\"@type\":\"BreadcrumbList\",\"@id\":\"https:\/\/sunjin.vn\/en\/ly-do-gia-nhap\/#breadcrumb\",\"itemListElement\":[{\"@type\":\"ListItem\",\"position\":1,\"name\":\"Trang ch\u1ee7\",\"item\":\"http:\/\/sunjin.vn\/en\/\"},{\"@type\":\"ListItem\",\"position\":2,\"name\":\"Why should you join Sunjin\"}]},{\"@type\":\"WebSite\",\"@id\":\"http:\/\/sunjin.vn\/#website\",\"url\":\"http:\/\/sunjin.vn\/\",\"name\":\"Sunjinvn\",\"description\":\"Ch\u00fang t\u00f4i l\u00e0 Sunjin. Ch\u00fang t\u00f4i mu\u1ed1n tr\u1edf th\u00e0nh m\u1ed9t c\u00f4ng ty ch\u0103n nu\u00f4i v\u00e0 th\u1ef1c ph\u1ea9m quy m\u00f4 to\u00e0n c\u1ea7u, cung c\u1ea5p c\u00e1c s\u1ea3n ph\u1ea9m ch\u0103n nu\u00f4i an to\u00e0n v\u00e0 ngon mi\u1ec7ng cho kh\u00e1ch h\u00e0ng v\u1edbi m\u1ee9c n\u0103ng su\u1ea5t v\u00e0 ti\u00eau chu\u1ea9n \u0111\u1eb3ng c\u1ea5p th\u1ebf gi\u1edbi.\",\"publisher\":{\"@id\":\"http:\/\/sunjin.vn\/#organization\"},\"alternateName\":\"Ch\u00fang t\u00f4i l\u00e0 Sunjin. Ch\u00fang t\u00f4i mu\u1ed1n tr\u1edf th\u00e0nh m\u1ed9t c\u00f4ng ty ch\u0103n nu\u00f4i v\u00e0 th\u1ef1c ph\u1ea9m quy m\u00f4 to\u00e0n c\u1ea7u, cung c\u1ea5p c\u00e1c s\u1ea3n ph\u1ea9m ch\u0103n nu\u00f4i an to\u00e0n v\u00e0 ngon mi\u1ec7ng cho kh\u00e1ch h\u00e0ng v\u1edbi m\u1ee9c n\u0103ng su\u1ea5t v\u00e0 ti\u00eau chu\u1ea9n \u0111\u1eb3ng c\u1ea5p th\u1ebf gi\u1edbi.\",\"potentialAction\":[{\"@type\":\"SearchAction\",\"target\":{\"@type\":\"EntryPoint\",\"urlTemplate\":\"http:\/\/sunjin.vn\/?s={search_term_string}\"},\"query-input\":\"required name=search_term_string\"}],\"inLanguage\":\"en-US\"},{\"@type\":\"Organization\",\"@id\":\"http:\/\/sunjin.vn\/#organization\",\"name\":\"Sunjinvn\",\"url\":\"http:\/\/sunjin.vn\/\",\"logo\":{\"@type\":\"ImageObject\",\"inLanguage\":\"en-US\",\"@id\":\"http:\/\/sunjin.vn\/#\/schema\/logo\/image\/\",\"url\":\"http:\/\/sunjin.vn\/wp-content\/uploads\/2023\/02\/logofooter.png\",\"contentUrl\":\"http:\/\/sunjin.vn\/wp-content\/uploads\/2023\/02\/logofooter.png\",\"width\":146,\"height\":60,\"caption\":\"Sunjinvn\"},\"image\":{\"@id\":\"http:\/\/sunjin.vn\/#\/schema\/logo\/image\/\"},\"sameAs\":[\"https:\/\/www.facebook.com\/vn.sunjinofficial\"]}]}<\/script>\n<!-- \/ Yoast SEO plugin. -->","yoast_head_json":{"title":"Why should you join Sunjin - Sunjinvn","robots":{"index":"index","follow":"follow","max-snippet":"max-snippet:-1","max-image-preview":"max-image-preview:large","max-video-preview":"max-video-preview:-1"},"canonical":"https:\/\/sunjin.vn\/en\/ly-do-gia-nhap\/","og_locale":"en_US","og_type":"article","og_title":"Why should you join Sunjin - Sunjinvn","og_url":"https:\/\/sunjin.vn\/en\/ly-do-gia-nhap\/","og_site_name":"Sunjinvn","article_publisher":"https:\/\/www.facebook.com\/vn.sunjinofficial","article_modified_time":"2023-07-31T03:58:15+00:00","og_image":[{"width":588,"height":330,"url":"https:\/\/sunjin.vn\/wp-content\/uploads\/2023\/04\/Rectangle-473.png","type":"image\/png"}],"twitter_card":"summary_large_image","schema":{"@context":"https:\/\/schema.org","@graph":[{"@type":"WebPage","@id":"https:\/\/sunjin.vn\/en\/ly-do-gia-nhap\/","url":"https:\/\/sunjin.vn\/en\/ly-do-gia-nhap\/","name":"Why should you join Sunjin - Sunjinvn","isPartOf":{"@id":"http:\/\/sunjin.vn\/#website"},"datePublished":"2023-04-10T03:19:32+00:00","dateModified":"2023-07-31T03:58:15+00:00","breadcrumb":{"@id":"https:\/\/sunjin.vn\/en\/ly-do-gia-nhap\/#breadcrumb"},"inLanguage":"en-US","potentialAction":[{"@type":"ReadAction","target":["https:\/\/sunjin.vn\/en\/ly-do-gia-nhap\/"]}]},{"@type":"BreadcrumbList","@id":"https:\/\/sunjin.vn\/en\/ly-do-gia-nhap\/#breadcrumb","itemListElement":[{"@type":"ListItem","position":1,"name":"Trang ch\u1ee7","item":"http:\/\/sunjin.vn\/en\/"},{"@type":"ListItem","position":2,"name":"Why should you join Sunjin"}]},{"@type":"WebSite","@id":"http:\/\/sunjin.vn\/#website","url":"http:\/\/sunjin.vn\/","name":"Sunjinvn","description":"Ch\u00fang t\u00f4i l\u00e0 Sunjin. Ch\u00fang t\u00f4i mu\u1ed1n tr\u1edf th\u00e0nh m\u1ed9t c\u00f4ng ty ch\u0103n nu\u00f4i v\u00e0 th\u1ef1c ph\u1ea9m quy m\u00f4 to\u00e0n c\u1ea7u, cung c\u1ea5p c\u00e1c s\u1ea3n ph\u1ea9m ch\u0103n nu\u00f4i an to\u00e0n v\u00e0 ngon mi\u1ec7ng cho kh\u00e1ch h\u00e0ng v\u1edbi m\u1ee9c n\u0103ng su\u1ea5t v\u00e0 ti\u00eau chu\u1ea9n \u0111\u1eb3ng c\u1ea5p th\u1ebf gi\u1edbi.","publisher":{"@id":"http:\/\/sunjin.vn\/#organization"},"alternateName":"Ch\u00fang t\u00f4i l\u00e0 Sunjin. Ch\u00fang t\u00f4i mu\u1ed1n tr\u1edf th\u00e0nh m\u1ed9t c\u00f4ng ty ch\u0103n nu\u00f4i v\u00e0 th\u1ef1c ph\u1ea9m quy m\u00f4 to\u00e0n c\u1ea7u, cung c\u1ea5p c\u00e1c s\u1ea3n ph\u1ea9m ch\u0103n nu\u00f4i an to\u00e0n v\u00e0 ngon mi\u1ec7ng cho kh\u00e1ch h\u00e0ng v\u1edbi m\u1ee9c n\u0103ng su\u1ea5t v\u00e0 ti\u00eau chu\u1ea9n \u0111\u1eb3ng c\u1ea5p th\u1ebf gi\u1edbi.","potentialAction":[{"@type":"SearchAction","target":{"@type":"EntryPoint","urlTemplate":"http:\/\/sunjin.vn\/?s={search_term_string}"},"query-input":"required name=search_term_string"}],"inLanguage":"en-US"},{"@type":"Organization","@id":"http:\/\/sunjin.vn\/#organization","name":"Sunjinvn","url":"http:\/\/sunjin.vn\/","logo":{"@type":"ImageObject","inLanguage":"en-US","@id":"http:\/\/sunjin.vn\/#\/schema\/logo\/image\/","url":"http:\/\/sunjin.vn\/wp-content\/uploads\/2023\/02\/logofooter.png","contentUrl":"http:\/\/sunjin.vn\/wp-content\/uploads\/2023\/02\/logofooter.png","width":146,"height":60,"caption":"Sunjinvn"},"image":{"@id":"http:\/\/sunjin.vn\/#\/schema\/logo\/image\/"},"sameAs":["https:\/\/www.facebook.com\/vn.sunjinofficial"]}]}},"_links":{"self":[{"href":"http:\/\/sunjin.vn\/en\/wp-json\/wp\/v2\/pages\/6766","targetHints":{"allow":["GET"]}}],"collection":[{"href":"http:\/\/sunjin.vn\/en\/wp-json\/wp\/v2\/pages"}],"about":[{"href":"http:\/\/sunjin.vn\/en\/wp-json\/wp\/v2\/types\/page"}],"author":[{"embeddable":true,"href":"http:\/\/sunjin.vn\/en\/wp-json\/wp\/v2\/users\/1"}],"replies":[{"embeddable":true,"href":"http:\/\/sunjin.vn\/en\/wp-json\/wp\/v2\/comments?post=6766"}],"version-history":[{"count":6,"href":"http:\/\/sunjin.vn\/en\/wp-json\/wp\/v2\/pages\/6766\/revisions"}],"predecessor-version":[{"id":9324,"href":"http:\/\/sunjin.vn\/en\/wp-json\/wp\/v2\/pages\/6766\/revisions\/9324"}],"wp:featuredmedia":[{"embeddable":true,"href":"http:\/\/sunjin.vn\/en\/wp-json\/wp\/v2\/media\/5243"}],"wp:attachment":[{"href":"http:\/\/sunjin.vn\/en\/wp-json\/wp\/v2\/media?parent=6766"}],"curies":[{"name":"wp","href":"https:\/\/api.w.org\/{rel}","templated":true}]}}