{"id":6775,"date":"2023-02-06T16:22:58","date_gmt":"2023-02-06T16:22:58","guid":{"rendered":"http:\/\/sunjin.vn\/trang-chu\/"},"modified":"2023-07-31T03:02:44","modified_gmt":"2023-07-31T03:02:44","slug":"trang-chu","status":"publish","type":"page","link":"http:\/\/sunjin.vn\/en\/","title":{"rendered":"Home"},"content":{"rendered":"","protected":false},"excerpt":{"rendered":"","protected":false},"author":1,"featured_media":5162,"parent":0,"menu_order":0,"comment_status":"closed","ping_status":"closed","template":"page-template\/home-template.php","meta":{"inline_featured_image":false,"footnotes":""},"class_list":["post-6775","page","type-page","status-publish","has-post-thumbnail","hentry"],"acf":[],"yoast_head":"<!-- This site is optimized with the Yoast SEO plugin v20.6 - https:\/\/yoast.com\/wordpress\/plugins\/seo\/ -->\n<title>Sunjinvn<\/title>\n<meta name=\"description\" content=\"We are Sunjin. We want to be a global livestock and food company, providing safe and palatable livestock products to our customers with world-class productivity and standards.\" \/>\n<meta name=\"robots\" content=\"index, follow, max-snippet:-1, max-image-preview:large, max-video-preview:-1\" \/>\n<link rel=\"canonical\" href=\"http:\/\/sunjin.vn\/en\/\" \/>\n<meta property=\"og:locale\" content=\"en_US\" \/>\n<meta property=\"og:type\" content=\"article\" \/>\n<meta property=\"og:title\" content=\"Sunjin\" \/>\n<meta property=\"og:description\" content=\"Ch\u00fang t\u00f4i l\u00e0 Sunjin. Ch\u00fang t\u00f4i mu\u1ed1n tr\u1edf th\u00e0nh m\u1ed9t c\u00f4ng ty ch\u0103n nu\u00f4i v\u00e0 th\u1ef1c ph\u1ea9m quy m\u00f4 to\u00e0n c\u1ea7u, cung c\u1ea5p c\u00e1c s\u1ea3n ph\u1ea9m ch\u0103n nu\u00f4i an to\u00e0n v\u00e0 ngon mi\u1ec7ng cho kh\u00e1ch h\u00e0ng v\u1edbi m\u1ee9c n\u0103ng su\u1ea5t v\u00e0 ti\u00eau chu\u1ea9n \u0111\u1eb3ng c\u1ea5p th\u1ebf gi\u1edbi.\" \/>\n<meta property=\"og:url\" content=\"http:\/\/sunjin.vn\/en\/\" \/>\n<meta property=\"og:site_name\" content=\"Sunjinvn\" \/>\n<meta property=\"article:publisher\" content=\"https:\/\/www.facebook.com\/vn.sunjinofficial\" \/>\n<meta property=\"article:modified_time\" content=\"2023-07-31T03:02:44+00:00\" \/>\n<meta property=\"og:image\" content=\"http:\/\/sunjin.vn\/wp-content\/uploads\/2023\/02\/Paul-huynh-Ky-Nang-Quan-ly-thay-doi-Masterskills-1.jpg\" \/>\n\t<meta property=\"og:image:width\" content=\"780\" \/>\n\t<meta property=\"og:image:height\" content=\"520\" \/>\n\t<meta property=\"og:image:type\" content=\"image\/jpeg\" \/>\n<meta name=\"twitter:card\" content=\"summary_large_image\" \/>\n<meta name=\"twitter:title\" content=\"Sunjin\" \/>\n<meta name=\"twitter:description\" content=\"Ch\u00fang t\u00f4i l\u00e0 Sunjin. Ch\u00fang t\u00f4i mu\u1ed1n tr\u1edf th\u00e0nh m\u1ed9t c\u00f4ng ty ch\u0103n nu\u00f4i v\u00e0 th\u1ef1c ph\u1ea9m quy m\u00f4 to\u00e0n c\u1ea7u, cung c\u1ea5p c\u00e1c s\u1ea3n ph\u1ea9m ch\u0103n nu\u00f4i an to\u00e0n v\u00e0 ngon mi\u1ec7ng cho kh\u00e1ch h\u00e0ng v\u1edbi m\u1ee9c n\u0103ng su\u1ea5t v\u00e0 ti\u00eau chu\u1ea9n \u0111\u1eb3ng c\u1ea5p th\u1ebf gi\u1edbi.\" \/>\n<meta name=\"twitter:image\" content=\"http:\/\/sunjin.vn\/wp-content\/uploads\/2023\/02\/Paul-huynh-Ky-Nang-Quan-ly-thay-doi-Masterskills-1.jpg\" \/>\n<script type=\"application\/ld+json\" class=\"yoast-schema-graph\">{\"@context\":\"https:\/\/schema.org\",\"@graph\":[{\"@type\":\"WebPage\",\"@id\":\"http:\/\/sunjin.vn\/en\/\",\"url\":\"http:\/\/sunjin.vn\/en\/\",\"name\":\"Sunjinvn\",\"isPartOf\":{\"@id\":\"http:\/\/sunjin.vn\/#website\"},\"datePublished\":\"2023-02-06T16:22:58+00:00\",\"dateModified\":\"2023-07-31T03:02:44+00:00\",\"description\":\"We are Sunjin. We want to be a global livestock and food company, providing safe and palatable livestock products to our customers with world-class productivity and standards.\",\"breadcrumb\":{\"@id\":\"http:\/\/sunjin.vn\/en\/#breadcrumb\"},\"inLanguage\":\"en-US\",\"potentialAction\":[{\"@type\":\"ReadAction\",\"target\":[\"http:\/\/sunjin.vn\/en\/\"]}]},{\"@type\":\"BreadcrumbList\",\"@id\":\"http:\/\/sunjin.vn\/en\/#breadcrumb\",\"itemListElement\":[{\"@type\":\"ListItem\",\"position\":1,\"name\":\"Trang ch\u1ee7\",\"item\":\"http:\/\/sunjin.vn\/en\/\"},{\"@type\":\"ListItem\",\"position\":2,\"name\":\"Home\"}]},{\"@type\":\"WebSite\",\"@id\":\"http:\/\/sunjin.vn\/#website\",\"url\":\"http:\/\/sunjin.vn\/\",\"name\":\"Sunjinvn\",\"description\":\"Ch\u00fang t\u00f4i l\u00e0 Sunjin. Ch\u00fang t\u00f4i mu\u1ed1n tr\u1edf th\u00e0nh m\u1ed9t c\u00f4ng ty ch\u0103n nu\u00f4i v\u00e0 th\u1ef1c ph\u1ea9m quy m\u00f4 to\u00e0n c\u1ea7u, cung c\u1ea5p c\u00e1c s\u1ea3n ph\u1ea9m ch\u0103n nu\u00f4i an to\u00e0n v\u00e0 ngon mi\u1ec7ng cho kh\u00e1ch h\u00e0ng v\u1edbi m\u1ee9c n\u0103ng su\u1ea5t v\u00e0 ti\u00eau chu\u1ea9n \u0111\u1eb3ng c\u1ea5p th\u1ebf gi\u1edbi.\",\"publisher\":{\"@id\":\"http:\/\/sunjin.vn\/#organization\"},\"alternateName\":\"Ch\u00fang t\u00f4i l\u00e0 Sunjin. Ch\u00fang t\u00f4i mu\u1ed1n tr\u1edf th\u00e0nh m\u1ed9t c\u00f4ng ty ch\u0103n nu\u00f4i v\u00e0 th\u1ef1c ph\u1ea9m quy m\u00f4 to\u00e0n c\u1ea7u, cung c\u1ea5p c\u00e1c s\u1ea3n ph\u1ea9m ch\u0103n nu\u00f4i an to\u00e0n v\u00e0 ngon mi\u1ec7ng cho kh\u00e1ch h\u00e0ng v\u1edbi m\u1ee9c n\u0103ng su\u1ea5t v\u00e0 ti\u00eau chu\u1ea9n \u0111\u1eb3ng c\u1ea5p th\u1ebf gi\u1edbi.\",\"potentialAction\":[{\"@type\":\"SearchAction\",\"target\":{\"@type\":\"EntryPoint\",\"urlTemplate\":\"http:\/\/sunjin.vn\/?s={search_term_string}\"},\"query-input\":\"required name=search_term_string\"}],\"inLanguage\":\"en-US\"},{\"@type\":\"Organization\",\"@id\":\"http:\/\/sunjin.vn\/#organization\",\"name\":\"Sunjinvn\",\"url\":\"http:\/\/sunjin.vn\/\",\"logo\":{\"@type\":\"ImageObject\",\"inLanguage\":\"en-US\",\"@id\":\"http:\/\/sunjin.vn\/#\/schema\/logo\/image\/\",\"url\":\"http:\/\/sunjin.vn\/wp-content\/uploads\/2023\/02\/logofooter.png\",\"contentUrl\":\"http:\/\/sunjin.vn\/wp-content\/uploads\/2023\/02\/logofooter.png\",\"width\":146,\"height\":60,\"caption\":\"Sunjinvn\"},\"image\":{\"@id\":\"http:\/\/sunjin.vn\/#\/schema\/logo\/image\/\"},\"sameAs\":[\"https:\/\/www.facebook.com\/vn.sunjinofficial\"]}]}<\/script>\n<!-- \/ Yoast SEO plugin. -->","yoast_head_json":{"title":"Sunjinvn","description":"We are Sunjin. We want to be a global livestock and food company, providing safe and palatable livestock products to our customers with world-class productivity and standards.","robots":{"index":"index","follow":"follow","max-snippet":"max-snippet:-1","max-image-preview":"max-image-preview:large","max-video-preview":"max-video-preview:-1"},"canonical":"http:\/\/sunjin.vn\/en\/","og_locale":"en_US","og_type":"article","og_title":"Sunjin","og_description":"Ch\u00fang t\u00f4i l\u00e0 Sunjin. Ch\u00fang t\u00f4i mu\u1ed1n tr\u1edf th\u00e0nh m\u1ed9t c\u00f4ng ty ch\u0103n nu\u00f4i v\u00e0 th\u1ef1c ph\u1ea9m quy m\u00f4 to\u00e0n c\u1ea7u, cung c\u1ea5p c\u00e1c s\u1ea3n ph\u1ea9m ch\u0103n nu\u00f4i an to\u00e0n v\u00e0 ngon mi\u1ec7ng cho kh\u00e1ch h\u00e0ng v\u1edbi m\u1ee9c n\u0103ng su\u1ea5t v\u00e0 ti\u00eau chu\u1ea9n \u0111\u1eb3ng c\u1ea5p th\u1ebf gi\u1edbi.","og_url":"http:\/\/sunjin.vn\/en\/","og_site_name":"Sunjinvn","article_publisher":"https:\/\/www.facebook.com\/vn.sunjinofficial","article_modified_time":"2023-07-31T03:02:44+00:00","og_image":[{"width":780,"height":520,"url":"http:\/\/sunjin.vn\/wp-content\/uploads\/2023\/02\/Paul-huynh-Ky-Nang-Quan-ly-thay-doi-Masterskills-1.jpg","type":"image\/jpeg"}],"twitter_card":"summary_large_image","twitter_title":"Sunjin","twitter_description":"Ch\u00fang t\u00f4i l\u00e0 Sunjin. Ch\u00fang t\u00f4i mu\u1ed1n tr\u1edf th\u00e0nh m\u1ed9t c\u00f4ng ty ch\u0103n nu\u00f4i v\u00e0 th\u1ef1c ph\u1ea9m quy m\u00f4 to\u00e0n c\u1ea7u, cung c\u1ea5p c\u00e1c s\u1ea3n ph\u1ea9m ch\u0103n nu\u00f4i an to\u00e0n v\u00e0 ngon mi\u1ec7ng cho kh\u00e1ch h\u00e0ng v\u1edbi m\u1ee9c n\u0103ng su\u1ea5t v\u00e0 ti\u00eau chu\u1ea9n \u0111\u1eb3ng c\u1ea5p th\u1ebf gi\u1edbi.","twitter_image":"http:\/\/sunjin.vn\/wp-content\/uploads\/2023\/02\/Paul-huynh-Ky-Nang-Quan-ly-thay-doi-Masterskills-1.jpg","schema":{"@context":"https:\/\/schema.org","@graph":[{"@type":"WebPage","@id":"http:\/\/sunjin.vn\/en\/","url":"http:\/\/sunjin.vn\/en\/","name":"Sunjinvn","isPartOf":{"@id":"http:\/\/sunjin.vn\/#website"},"datePublished":"2023-02-06T16:22:58+00:00","dateModified":"2023-07-31T03:02:44+00:00","description":"We are Sunjin. We want to be a global livestock and food company, providing safe and palatable livestock products to our customers with world-class productivity and standards.","breadcrumb":{"@id":"http:\/\/sunjin.vn\/en\/#breadcrumb"},"inLanguage":"en-US","potentialAction":[{"@type":"ReadAction","target":["http:\/\/sunjin.vn\/en\/"]}]},{"@type":"BreadcrumbList","@id":"http:\/\/sunjin.vn\/en\/#breadcrumb","itemListElement":[{"@type":"ListItem","position":1,"name":"Trang ch\u1ee7","item":"http:\/\/sunjin.vn\/en\/"},{"@type":"ListItem","position":2,"name":"Home"}]},{"@type":"WebSite","@id":"http:\/\/sunjin.vn\/#website","url":"http:\/\/sunjin.vn\/","name":"Sunjinvn","description":"Ch\u00fang t\u00f4i l\u00e0 Sunjin. Ch\u00fang t\u00f4i mu\u1ed1n tr\u1edf th\u00e0nh m\u1ed9t c\u00f4ng ty ch\u0103n nu\u00f4i v\u00e0 th\u1ef1c ph\u1ea9m quy m\u00f4 to\u00e0n c\u1ea7u, cung c\u1ea5p c\u00e1c s\u1ea3n ph\u1ea9m ch\u0103n nu\u00f4i an to\u00e0n v\u00e0 ngon mi\u1ec7ng cho kh\u00e1ch h\u00e0ng v\u1edbi m\u1ee9c n\u0103ng su\u1ea5t v\u00e0 ti\u00eau chu\u1ea9n \u0111\u1eb3ng c\u1ea5p th\u1ebf gi\u1edbi.","publisher":{"@id":"http:\/\/sunjin.vn\/#organization"},"alternateName":"Ch\u00fang t\u00f4i l\u00e0 Sunjin. Ch\u00fang t\u00f4i mu\u1ed1n tr\u1edf th\u00e0nh m\u1ed9t c\u00f4ng ty ch\u0103n nu\u00f4i v\u00e0 th\u1ef1c ph\u1ea9m quy m\u00f4 to\u00e0n c\u1ea7u, cung c\u1ea5p c\u00e1c s\u1ea3n ph\u1ea9m ch\u0103n nu\u00f4i an to\u00e0n v\u00e0 ngon mi\u1ec7ng cho kh\u00e1ch h\u00e0ng v\u1edbi m\u1ee9c n\u0103ng su\u1ea5t v\u00e0 ti\u00eau chu\u1ea9n \u0111\u1eb3ng c\u1ea5p th\u1ebf gi\u1edbi.","potentialAction":[{"@type":"SearchAction","target":{"@type":"EntryPoint","urlTemplate":"http:\/\/sunjin.vn\/?s={search_term_string}"},"query-input":"required name=search_term_string"}],"inLanguage":"en-US"},{"@type":"Organization","@id":"http:\/\/sunjin.vn\/#organization","name":"Sunjinvn","url":"http:\/\/sunjin.vn\/","logo":{"@type":"ImageObject","inLanguage":"en-US","@id":"http:\/\/sunjin.vn\/#\/schema\/logo\/image\/","url":"http:\/\/sunjin.vn\/wp-content\/uploads\/2023\/02\/logofooter.png","contentUrl":"http:\/\/sunjin.vn\/wp-content\/uploads\/2023\/02\/logofooter.png","width":146,"height":60,"caption":"Sunjinvn"},"image":{"@id":"http:\/\/sunjin.vn\/#\/schema\/logo\/image\/"},"sameAs":["https:\/\/www.facebook.com\/vn.sunjinofficial"]}]}},"_links":{"self":[{"href":"http:\/\/sunjin.vn\/en\/wp-json\/wp\/v2\/pages\/6775","targetHints":{"allow":["GET"]}}],"collection":[{"href":"http:\/\/sunjin.vn\/en\/wp-json\/wp\/v2\/pages"}],"about":[{"href":"http:\/\/sunjin.vn\/en\/wp-json\/wp\/v2\/types\/page"}],"author":[{"embeddable":true,"href":"http:\/\/sunjin.vn\/en\/wp-json\/wp\/v2\/users\/1"}],"replies":[{"embeddable":true,"href":"http:\/\/sunjin.vn\/en\/wp-json\/wp\/v2\/comments?post=6775"}],"version-history":[{"count":20,"href":"http:\/\/sunjin.vn\/en\/wp-json\/wp\/v2\/pages\/6775\/revisions"}],"predecessor-version":[{"id":9306,"href":"http:\/\/sunjin.vn\/en\/wp-json\/wp\/v2\/pages\/6775\/revisions\/9306"}],"wp:featuredmedia":[{"embeddable":true,"href":"http:\/\/sunjin.vn\/en\/wp-json\/wp\/v2\/media\/5162"}],"wp:attachment":[{"href":"http:\/\/sunjin.vn\/en\/wp-json\/wp\/v2\/media?parent=6775"}],"curies":[{"name":"wp","href":"https:\/\/api.w.org\/{rel}","templated":true}]}}